{"id":286,"date":"2016-10-31T13:17:59","date_gmt":"2016-10-31T16:17:59","guid":{"rendered":"https:\/\/isfd168-bue.infd.edu.ar\/sitio\/?page_id=286"},"modified":"2024-09-20T21:55:06","modified_gmt":"2024-09-21T00:55:06","slug":"inicio","status":"publish","type":"page","link":"https:\/\/isfd168-bue.infd.edu.ar\/sitio\/","title":{"rendered":"Inicio"},"content":{"rendered":"<style>.wp-show-posts-columns#wpsp-841 {margin-left: -1em; }.wp-show-posts-columns#wpsp-841 .wp-show-posts-inner {margin: 0 0 1em 1em; }<\/style><section id=\"wpsp-841\" class=\" wp-show-posts-columns wp-show-posts\" style=\"\"><article class=\" wp-show-posts-single post-2045 post type-post status-publish format-standard has-post-thumbnail hentry category-noticias wpsp-col-4\" itemtype=\"http:\/\/schema.org\/CreativeWork\" itemscope><div class=\"wp-show-posts-inner\" style=\"\">\t\t\t\t\t\t<header class=\"wp-show-posts-entry-header\">\n\t\t\t\t\t\t\t<h5 class=\"wp-show-posts-entry-title\" itemprop=\"headline\"><a href=\"https:\/\/isfd168-bue.infd.edu.ar\/sitio\/practicas-gimnasticas-iii\/\" rel=\"bookmark\">Pr\u00e1cticas Gimnasticas III<\/a><\/h5><div class=\"wp-show-posts-entry-meta wp-show-posts-entry-meta-below-title post-meta-inline\"><span class=\"wp-show-posts-posted-on wp-show-posts-meta\">\n\t\t\t\t\t<a href=\"https:\/\/isfd168-bue.infd.edu.ar\/sitio\/practicas-gimnasticas-iii\/\" title=\"9:13 pm\" rel=\"bookmark\"><time class=\"wp-show-posts-entry-date published\" datetime=\"2026-05-05T21:13:21-03:00\" itemprop=\"datePublished\">5 mayo, 2026<\/time><time class=\"wp-show-posts-updated\" datetime=\"2026-05-05T21:22:37-03:00\" itemprop=\"dateModified\">5 mayo, 2026<\/time><\/a>\n\t\t\t\t<\/span><\/div>\t\t\t\t\t\t<\/header><!-- .entry-header -->\n\t\t\t\t\t\t\t<div class=\"wp-show-posts-image  wpsp-image-center \">\n\t\t\t<a href=\"https:\/\/isfd168-bue.infd.edu.ar\/sitio\/practicas-gimnasticas-iii\/\"  title=\"Pr\u00e1cticas Gimnasticas III\">\t\t\t\t\t<img src=\"https:\/\/isfd168-bue.infd.edu.ar\/sitio\/wp-content\/uploads\/2026\/05\/WhatsApp-Image-2026-05-05-at-16.20.33-500x500.jpeg\" alt=\"Pr\u00e1cticas Gimnasticas III\" itemprop=\"image\" class=\"center\" \/>\n\t\t\t\t<\/a>\t\t<\/div>\n\t\t\t\t\t\t\t\t<div class=\"wp-show-posts-entry-summary\" itemprop=\"text\">\n\t\t\t\t\t\t\t<p>Pr\u00e1cticas Gimnasticas IIIEl 28 de abril recibimos la visita del grupo de abuelos que concurren al Polideportivo para hacer variadas actividades y participan de los Juegos Bonaerenses. Compartir experiencias y&#8230;<\/p>\n\t\t\t\t\t\t<\/div><!-- .entry-summary -->\n\t\t\t\t\t<div class=\"wpsp-read-more\"><a title=\"Pr\u00e1cticas Gimnasticas III\" class=\"wp-show-posts-read-more\" href=\"https:\/\/isfd168-bue.infd.edu.ar\/sitio\/practicas-gimnasticas-iii\/\">ver mas<\/a><\/div><\/div><!-- wp-show-posts-inner --><\/article><article class=\" wp-show-posts-single post-2043 post type-post status-publish format-standard hentry category-noticias wpsp-col-4\" itemtype=\"http:\/\/schema.org\/CreativeWork\" itemscope><div class=\"wp-show-posts-inner\" style=\"\">\t\t\t\t\t\t<header class=\"wp-show-posts-entry-header\">\n\t\t\t\t\t\t\t<h5 class=\"wp-show-posts-entry-title\" itemprop=\"headline\"><a href=\"https:\/\/isfd168-bue.infd.edu.ar\/sitio\/practicas-corporales-para-personas-con-discapacidad\/\" rel=\"bookmark\">Pr\u00e1cticas corporales para personas con discapacidad.<\/a><\/h5><div class=\"wp-show-posts-entry-meta wp-show-posts-entry-meta-below-title post-meta-inline\"><span class=\"wp-show-posts-posted-on wp-show-posts-meta\">\n\t\t\t\t\t<a href=\"https:\/\/isfd168-bue.infd.edu.ar\/sitio\/practicas-corporales-para-personas-con-discapacidad\/\" title=\"9:07 pm\" rel=\"bookmark\"><time class=\"wp-show-posts-entry-date published\" datetime=\"2026-05-05T21:07:38-03:00\" itemprop=\"datePublished\">5 mayo, 2026<\/time><time class=\"wp-show-posts-updated\" datetime=\"2026-05-05T21:23:16-03:00\" itemprop=\"dateModified\">5 mayo, 2026<\/time><\/a>\n\t\t\t\t<\/span><\/div>\t\t\t\t\t\t<\/header><!-- .entry-header -->\n\t\t\t\t\t\t\t\t\t\t\t<div class=\"wp-show-posts-entry-summary\" itemprop=\"text\">\n\t\t\t\t\t\t\t<p>Primer encuentro con taller Somos y estudiantes de cuarto a\u00f1o del Profesorado de Educaci\u00f3n F\u00edsica de la c\u00e1tedra TFO: Pr\u00e1cticas corporales para personas con discapacidad. El mismo se realiz\u00f3 el&#8230;<\/p>\n\t\t\t\t\t\t<\/div><!-- .entry-summary -->\n\t\t\t\t\t<div class=\"wpsp-read-more\"><a title=\"Pr\u00e1cticas corporales para personas con discapacidad.\" class=\"wp-show-posts-read-more\" href=\"https:\/\/isfd168-bue.infd.edu.ar\/sitio\/practicas-corporales-para-personas-con-discapacidad\/\">ver mas<\/a><\/div><\/div><!-- wp-show-posts-inner --><\/article><article class=\" wp-show-posts-single post-2034 post type-post status-publish format-standard has-post-thumbnail hentry category-noticias wpsp-col-4\" itemtype=\"http:\/\/schema.org\/CreativeWork\" itemscope><div class=\"wp-show-posts-inner\" style=\"\">\t\t\t\t\t\t<header class=\"wp-show-posts-entry-header\">\n\t\t\t\t\t\t\t<h5 class=\"wp-show-posts-entry-title\" itemprop=\"headline\"><a href=\"https:\/\/isfd168-bue.infd.edu.ar\/sitio\/tain-profesorado-de-educacion-fisica\/\" rel=\"bookmark\">TAIN- Profesorado de Educaci\u00f3n F\u00edsica<\/a><\/h5><div class=\"wp-show-posts-entry-meta wp-show-posts-entry-meta-below-title post-meta-inline\"><span class=\"wp-show-posts-posted-on wp-show-posts-meta\">\n\t\t\t\t\t<a href=\"https:\/\/isfd168-bue.infd.edu.ar\/sitio\/tain-profesorado-de-educacion-fisica\/\" title=\"9:03 pm\" rel=\"bookmark\"><time class=\"wp-show-posts-entry-date published\" datetime=\"2026-05-05T21:03:53-03:00\" itemprop=\"datePublished\">5 mayo, 2026<\/time><time class=\"wp-show-posts-updated\" datetime=\"2026-05-05T21:20:57-03:00\" itemprop=\"dateModified\">5 mayo, 2026<\/time><\/a>\n\t\t\t\t<\/span><\/div>\t\t\t\t\t\t<\/header><!-- .entry-header -->\n\t\t\t\t\t\t\t<div class=\"wp-show-posts-image  wpsp-image-center \">\n\t\t\t<a href=\"https:\/\/isfd168-bue.infd.edu.ar\/sitio\/tain-profesorado-de-educacion-fisica\/\"  title=\"TAIN- Profesorado de Educaci\u00f3n F\u00edsica\">\t\t\t\t\t<img src=\"https:\/\/isfd168-bue.infd.edu.ar\/sitio\/wp-content\/uploads\/2026\/05\/WhatsApp-Image-2026-05-05-at-16.09.44-2-500x500.jpeg\" alt=\"TAIN- Profesorado de Educaci\u00f3n F\u00edsica\" itemprop=\"image\" class=\"center\" \/>\n\t\t\t\t<\/a>\t\t<\/div>\n\t\t\t\t\t\t\t\t<div class=\"wp-show-posts-entry-summary\" itemprop=\"text\">\n\t\t\t\t\t\t\t<p>El 18 de abril se llev\u00f3 a cabo el primer taller interdisciplinario con la propuesta de trabajar pr\u00e1cticas l\u00fadicas y deportivas para personas con discapacidad.El taller estuvo a cargo de&#8230;<\/p>\n\t\t\t\t\t\t<\/div><!-- .entry-summary -->\n\t\t\t\t\t<div class=\"wpsp-read-more\"><a title=\"TAIN- Profesorado de Educaci\u00f3n F\u00edsica\" class=\"wp-show-posts-read-more\" href=\"https:\/\/isfd168-bue.infd.edu.ar\/sitio\/tain-profesorado-de-educacion-fisica\/\">ver mas<\/a><\/div><\/div><!-- wp-show-posts-inner --><\/article><article class=\" wp-show-posts-single post-2031 post type-post status-publish format-standard has-post-thumbnail hentry category-noticias wpsp-col-4\" itemtype=\"http:\/\/schema.org\/CreativeWork\" itemscope><div class=\"wp-show-posts-inner\" style=\"\">\t\t\t\t\t\t<header class=\"wp-show-posts-entry-header\">\n\t\t\t\t\t\t\t<h5 class=\"wp-show-posts-entry-title\" itemprop=\"headline\"><a href=\"https:\/\/isfd168-bue.infd.edu.ar\/sitio\/jornada-de-actividad-fisica-en-el-isfd-n168-compromiso-participacion-y-salud\/\" rel=\"bookmark\">Jornada de Actividad F\u00edsica en el ISFD N\u00b0168: compromiso, participaci\u00f3n y salud<\/a><\/h5><div class=\"wp-show-posts-entry-meta wp-show-posts-entry-meta-below-title post-meta-inline\"><span class=\"wp-show-posts-posted-on wp-show-posts-meta\">\n\t\t\t\t\t<a href=\"https:\/\/isfd168-bue.infd.edu.ar\/sitio\/jornada-de-actividad-fisica-en-el-isfd-n168-compromiso-participacion-y-salud\/\" title=\"9:00 pm\" rel=\"bookmark\"><time class=\"wp-show-posts-entry-date published\" datetime=\"2026-05-05T21:00:11-03:00\" itemprop=\"datePublished\">5 mayo, 2026<\/time><time class=\"wp-show-posts-updated\" datetime=\"2026-05-05T21:20:15-03:00\" itemprop=\"dateModified\">5 mayo, 2026<\/time><\/a>\n\t\t\t\t<\/span><\/div>\t\t\t\t\t\t<\/header><!-- .entry-header -->\n\t\t\t\t\t\t\t<div class=\"wp-show-posts-image  wpsp-image-center \">\n\t\t\t<a href=\"https:\/\/isfd168-bue.infd.edu.ar\/sitio\/jornada-de-actividad-fisica-en-el-isfd-n168-compromiso-participacion-y-salud\/\"  title=\"Jornada de Actividad F\u00edsica en el ISFD N\u00b0168: compromiso, participaci\u00f3n y salud\">\t\t\t\t\t<img src=\"https:\/\/isfd168-bue.infd.edu.ar\/sitio\/wp-content\/uploads\/2026\/05\/Captura-de-pantalla-2026-05-05-205845-500x500.png\" alt=\"Jornada de Actividad F\u00edsica en el ISFD N\u00b0168: compromiso, participaci\u00f3n y salud\" itemprop=\"image\" class=\"center\" \/>\n\t\t\t\t<\/a>\t\t<\/div>\n\t\t\t\t\t\t\t\t<div class=\"wp-show-posts-entry-summary\" itemprop=\"text\">\n\t\t\t\t\t\t\t<p>El 6 de abril, con motivo de festejar el D\u00eda Mundial de la Actividad F\u00edsica decretado por la O.M.S. para \u201cconcientizar a la poblaci\u00f3n sobre la importancia de practicar ejercicio&#8230;<\/p>\n\t\t\t\t\t\t<\/div><!-- .entry-summary -->\n\t\t\t\t\t<div class=\"wpsp-read-more\"><a title=\"Jornada de Actividad F\u00edsica en el ISFD N\u00b0168: compromiso, participaci\u00f3n y salud\" class=\"wp-show-posts-read-more\" href=\"https:\/\/isfd168-bue.infd.edu.ar\/sitio\/jornada-de-actividad-fisica-en-el-isfd-n168-compromiso-participacion-y-salud\/\">ver mas<\/a><\/div><\/div><!-- wp-show-posts-inner --><\/article><article class=\" wp-show-posts-single post-2026 post type-post status-publish format-standard has-post-thumbnail hentry category-noticias wpsp-col-4\" itemtype=\"http:\/\/schema.org\/CreativeWork\" itemscope><div class=\"wp-show-posts-inner\" style=\"\">\t\t\t\t\t\t<header class=\"wp-show-posts-entry-header\">\n\t\t\t\t\t\t\t<h5 class=\"wp-show-posts-entry-title\" itemprop=\"headline\"><a href=\"https:\/\/isfd168-bue.infd.edu.ar\/sitio\/propuesta-de-juegos-y-deportes-alternativos\/\" rel=\"bookmark\">Propuesta de juegos y deportes alternativos<\/a><\/h5><div class=\"wp-show-posts-entry-meta wp-show-posts-entry-meta-below-title post-meta-inline\"><span class=\"wp-show-posts-posted-on wp-show-posts-meta\">\n\t\t\t\t\t<a href=\"https:\/\/isfd168-bue.infd.edu.ar\/sitio\/propuesta-de-juegos-y-deportes-alternativos\/\" title=\"8:54 pm\" rel=\"bookmark\"><time class=\"wp-show-posts-entry-date published\" datetime=\"2026-05-05T20:54:21-03:00\" itemprop=\"datePublished\">5 mayo, 2026<\/time><time class=\"wp-show-posts-updated\" datetime=\"2026-05-05T21:17:12-03:00\" itemprop=\"dateModified\">5 mayo, 2026<\/time><\/a>\n\t\t\t\t<\/span><\/div>\t\t\t\t\t\t<\/header><!-- .entry-header -->\n\t\t\t\t\t\t\t<div class=\"wp-show-posts-image  wpsp-image-center \">\n\t\t\t<a href=\"https:\/\/isfd168-bue.infd.edu.ar\/sitio\/propuesta-de-juegos-y-deportes-alternativos\/\"  title=\"Propuesta de juegos y deportes alternativos\">\t\t\t\t\t<img src=\"https:\/\/isfd168-bue.infd.edu.ar\/sitio\/wp-content\/uploads\/2026\/05\/WhatsApp-Image-2026-05-05-at-16.08.08-1-500x500.jpeg\" alt=\"Propuesta de juegos y deportes alternativos\" itemprop=\"image\" class=\"center\" \/>\n\t\t\t\t<\/a>\t\t<\/div>\n\t\t\t\t\t\t\t\t<div class=\"wp-show-posts-entry-summary\" itemprop=\"text\">\n\t\t\t\t\t\t\t<p>El 28 de marzo se realiz\u00f3 una propuesta de juegos con material autoconstruido en Juegos y deportes alternativos de 4to a\u00f1o del Profesorado de Educaci\u00f3n F\u00edsica con la profesora Nancy&#8230;<\/p>\n\t\t\t\t\t\t<\/div><!-- .entry-summary -->\n\t\t\t\t\t<div class=\"wpsp-read-more\"><a title=\"Propuesta de juegos y deportes alternativos\" class=\"wp-show-posts-read-more\" href=\"https:\/\/isfd168-bue.infd.edu.ar\/sitio\/propuesta-de-juegos-y-deportes-alternativos\/\">ver mas<\/a><\/div><\/div><!-- wp-show-posts-inner --><\/article><article class=\" wp-show-posts-single post-2018 post type-post status-publish format-standard has-post-thumbnail hentry category-noticias wpsp-col-4\" itemtype=\"http:\/\/schema.org\/CreativeWork\" itemscope><div class=\"wp-show-posts-inner\" style=\"\">\t\t\t\t\t\t<header class=\"wp-show-posts-entry-header\">\n\t\t\t\t\t\t\t<h5 class=\"wp-show-posts-entry-title\" itemprop=\"headline\"><a href=\"https:\/\/isfd168-bue.infd.edu.ar\/sitio\/acto-de-inicio-y-taller-inicial-para-ingresantes\/\" rel=\"bookmark\">Acto de inicio y Taller Inicial para ingresantes<\/a><\/h5><div class=\"wp-show-posts-entry-meta wp-show-posts-entry-meta-below-title post-meta-inline\"><span class=\"wp-show-posts-posted-on wp-show-posts-meta\">\n\t\t\t\t\t<a href=\"https:\/\/isfd168-bue.infd.edu.ar\/sitio\/acto-de-inicio-y-taller-inicial-para-ingresantes\/\" title=\"8:50 pm\" rel=\"bookmark\"><time class=\"wp-show-posts-entry-date published\" datetime=\"2026-05-05T20:50:54-03:00\" itemprop=\"datePublished\">5 mayo, 2026<\/time><time class=\"wp-show-posts-updated\" datetime=\"2026-05-05T21:15:43-03:00\" itemprop=\"dateModified\">5 mayo, 2026<\/time><\/a>\n\t\t\t\t<\/span><\/div>\t\t\t\t\t\t<\/header><!-- .entry-header -->\n\t\t\t\t\t\t\t<div class=\"wp-show-posts-image  wpsp-image-center \">\n\t\t\t<a href=\"https:\/\/isfd168-bue.infd.edu.ar\/sitio\/acto-de-inicio-y-taller-inicial-para-ingresantes\/\"  title=\"Acto de inicio y Taller Inicial para ingresantes\">\t\t\t\t\t<img src=\"https:\/\/isfd168-bue.infd.edu.ar\/sitio\/wp-content\/uploads\/2026\/05\/WhatsApp-Image-2026-05-05-at-16.07.17-1-500x500.jpeg\" alt=\"Acto de inicio y Taller Inicial para ingresantes\" itemprop=\"image\" class=\"center\" \/>\n\t\t\t\t<\/a>\t\t<\/div>\n\t\t\t\t\t\t\t\t<div class=\"wp-show-posts-entry-summary\" itemprop=\"text\">\n\t\t\t\t\t\t\t<p>Registros fotogr\u00e1ficos del inicio de cursadas llevado a cabo el d\u00eda 16 de marzo. Agradecemos el acompa\u00f1amiento de la Inspectora Distrital, profesora Gabriela Bacci y del Secretario de Educaci\u00f3n, profesor&#8230;<\/p>\n\t\t\t\t\t\t<\/div><!-- .entry-summary -->\n\t\t\t\t\t<div class=\"wpsp-read-more\"><a title=\"Acto de inicio y Taller Inicial para ingresantes\" class=\"wp-show-posts-read-more\" href=\"https:\/\/isfd168-bue.infd.edu.ar\/sitio\/acto-de-inicio-y-taller-inicial-para-ingresantes\/\">ver mas<\/a><\/div><\/div><!-- wp-show-posts-inner --><\/article><article class=\" wp-show-posts-single post-2010 post type-post status-publish format-standard has-post-thumbnail hentry category-noticias wpsp-col-4\" itemtype=\"http:\/\/schema.org\/CreativeWork\" itemscope><div class=\"wp-show-posts-inner\" style=\"\">\t\t\t\t\t\t<header class=\"wp-show-posts-entry-header\">\n\t\t\t\t\t\t\t<h5 class=\"wp-show-posts-entry-title\" itemprop=\"headline\"><a href=\"https:\/\/isfd168-bue.infd.edu.ar\/sitio\/becas-progresar-superior\/\" rel=\"bookmark\">Becas Progresar Superior<\/a><\/h5><div class=\"wp-show-posts-entry-meta wp-show-posts-entry-meta-below-title post-meta-inline\"><span class=\"wp-show-posts-posted-on wp-show-posts-meta\">\n\t\t\t\t\t<a href=\"https:\/\/isfd168-bue.infd.edu.ar\/sitio\/becas-progresar-superior\/\" title=\"2:02 pm\" rel=\"bookmark\"><time class=\"wp-show-posts-entry-date published\" datetime=\"2026-04-07T14:02:36-03:00\" itemprop=\"datePublished\">7 abril, 2026<\/time><time class=\"wp-show-posts-updated\" datetime=\"2026-04-07T14:05:20-03:00\" itemprop=\"dateModified\">7 abril, 2026<\/time><\/a>\n\t\t\t\t<\/span><\/div>\t\t\t\t\t\t<\/header><!-- .entry-header -->\n\t\t\t\t\t\t\t<div class=\"wp-show-posts-image  wpsp-image-center \">\n\t\t\t<a href=\"https:\/\/isfd168-bue.infd.edu.ar\/sitio\/becas-progresar-superior\/\"  title=\"Becas Progresar Superior\">\t\t\t\t\t<img src=\"https:\/\/isfd168-bue.infd.edu.ar\/sitio\/wp-content\/uploads\/2026\/04\/progresar-2024-1024x1024-1-500x500.png\" alt=\"Becas Progresar Superior\" itemprop=\"image\" class=\"center\" \/>\n\t\t\t\t<\/a>\t\t<\/div>\n\t\t\t\t\t\t\t\t<div class=\"wp-show-posts-entry-summary\" itemprop=\"text\">\n\t\t\t\t\t\t\t<p>Becas Progresar Superior 2026 \u2013 Primera Convocatoria Se encuentra abierta la primera convocatoria 2026 del Programa de Becas Progresar, una iniciativa destinada a acompa\u00f1ar a estudiantes en el inicio, continuidad&#8230;<\/p>\n\t\t\t\t\t\t<\/div><!-- .entry-summary -->\n\t\t\t\t\t<div class=\"wpsp-read-more\"><a title=\"Becas Progresar Superior\" class=\"wp-show-posts-read-more\" href=\"https:\/\/isfd168-bue.infd.edu.ar\/sitio\/becas-progresar-superior\/\">ver mas<\/a><\/div><\/div><!-- wp-show-posts-inner --><\/article><article class=\" wp-show-posts-single post-2005 post type-post status-publish format-standard has-post-thumbnail hentry category-noticias wpsp-col-4\" itemtype=\"http:\/\/schema.org\/CreativeWork\" itemscope><div class=\"wp-show-posts-inner\" style=\"\">\t\t\t\t\t\t<header class=\"wp-show-posts-entry-header\">\n\t\t\t\t\t\t\t<h5 class=\"wp-show-posts-entry-title\" itemprop=\"headline\"><a href=\"https:\/\/isfd168-bue.infd.edu.ar\/sitio\/informacion-importante-para-ingresantes\/\" rel=\"bookmark\">Informaci\u00f3n importante para ingresantes<\/a><\/h5><div class=\"wp-show-posts-entry-meta wp-show-posts-entry-meta-below-title post-meta-inline\"><span class=\"wp-show-posts-posted-on wp-show-posts-meta\">\n\t\t\t\t\t<a href=\"https:\/\/isfd168-bue.infd.edu.ar\/sitio\/informacion-importante-para-ingresantes\/\" title=\"12:05 pm\" rel=\"bookmark\"><time class=\"wp-show-posts-entry-date published\" datetime=\"2026-02-11T12:05:54-03:00\" itemprop=\"datePublished\">11 febrero, 2026<\/time><time class=\"wp-show-posts-updated\" datetime=\"2026-02-11T12:06:30-03:00\" itemprop=\"dateModified\">11 febrero, 2026<\/time><\/a>\n\t\t\t\t<\/span><\/div>\t\t\t\t\t\t<\/header><!-- .entry-header -->\n\t\t\t\t\t\t\t<div class=\"wp-show-posts-image  wpsp-image-center \">\n\t\t\t<a href=\"https:\/\/isfd168-bue.infd.edu.ar\/sitio\/informacion-importante-para-ingresantes\/\"  title=\"Informaci\u00f3n importante para ingresantes\">\t\t\t\t\t<img src=\"https:\/\/isfd168-bue.infd.edu.ar\/sitio\/wp-content\/uploads\/2025\/03\/logo-500x500.jpeg\" alt=\"Informaci\u00f3n importante para ingresantes\" itemprop=\"image\" class=\"center\" \/>\n\t\t\t\t<\/a>\t\t<\/div>\n\t\t\t\t\t\t\t\t<div class=\"wp-show-posts-entry-summary\" itemprop=\"text\">\n\t\t\t\t\t\t\t\t\t\t\t\t\t<\/div><!-- .entry-summary -->\n\t\t\t\t\t<div class=\"wpsp-read-more\"><a title=\"Informaci\u00f3n importante para ingresantes\" class=\"wp-show-posts-read-more\" href=\"https:\/\/isfd168-bue.infd.edu.ar\/sitio\/informacion-importante-para-ingresantes\/\">ver mas<\/a><\/div><\/div><!-- wp-show-posts-inner --><\/article><article class=\" wp-show-posts-single post-1981 post type-post status-publish format-standard has-post-thumbnail hentry category-noticias wpsp-col-4\" itemtype=\"http:\/\/schema.org\/CreativeWork\" itemscope><div class=\"wp-show-posts-inner\" style=\"\">\t\t\t\t\t\t<header class=\"wp-show-posts-entry-header\">\n\t\t\t\t\t\t\t<h5 class=\"wp-show-posts-entry-title\" itemprop=\"headline\"><a href=\"https:\/\/isfd168-bue.infd.edu.ar\/sitio\/inscripcion-a-carreras-2026\/\" rel=\"bookmark\">Matriculaci\u00f3n a carreras 2026<\/a><\/h5><div class=\"wp-show-posts-entry-meta wp-show-posts-entry-meta-below-title post-meta-inline\"><span class=\"wp-show-posts-posted-on wp-show-posts-meta\">\n\t\t\t\t\t<a href=\"https:\/\/isfd168-bue.infd.edu.ar\/sitio\/inscripcion-a-carreras-2026\/\" title=\"6:57 pm\" rel=\"bookmark\"><time class=\"wp-show-posts-entry-date published\" datetime=\"2025-11-16T18:57:26-03:00\" itemprop=\"datePublished\">16 noviembre, 2025<\/time><time class=\"wp-show-posts-updated\" datetime=\"2026-02-11T11:54:42-03:00\" itemprop=\"dateModified\">11 febrero, 2026<\/time><\/a>\n\t\t\t\t<\/span><\/div>\t\t\t\t\t\t<\/header><!-- .entry-header -->\n\t\t\t\t\t\t\t<div class=\"wp-show-posts-image  wpsp-image-center \">\n\t\t\t<a href=\"https:\/\/isfd168-bue.infd.edu.ar\/sitio\/inscripcion-a-carreras-2026\/\"  title=\"Matriculaci\u00f3n a carreras 2026\">\t\t\t\t\t<img src=\"https:\/\/isfd168-bue.infd.edu.ar\/sitio\/wp-content\/uploads\/2025\/11\/WhatsApp-Image-2025-11-13-at-10.25.06-500x500.jpeg\" alt=\"Matriculaci\u00f3n a carreras 2026\" itemprop=\"image\" class=\"center\" \/>\n\t\t\t\t<\/a>\t\t<\/div>\n\t\t\t\t\t\t\t\t<div class=\"wp-show-posts-entry-summary\" itemprop=\"text\">\n\t\t\t\t\t\t\t<p>A partir del 1 de diciembre de 2025 va a estar abierta la matriculaci\u00f3n a la oferta de carreras 2025. Nuestras carreras: Requisitos<\/p>\n\t\t\t\t\t\t<\/div><!-- .entry-summary -->\n\t\t\t\t\t<div class=\"wpsp-read-more\"><a title=\"Matriculaci\u00f3n a carreras 2026\" class=\"wp-show-posts-read-more\" href=\"https:\/\/isfd168-bue.infd.edu.ar\/sitio\/inscripcion-a-carreras-2026\/\">ver mas<\/a><\/div><\/div><!-- wp-show-posts-inner --><\/article><div class=\"wpsp-clear\"><\/div><\/section><!-- .wp-show-posts --><div class=\"wpsp-load-more\"><span aria-current=\"page\" class=\"page-numbers current\">1<\/span>\n<a class=\"page-numbers\" href=\"https:\/\/isfd168-bue.infd.edu.ar\/sitio\/wp-json\/wp\/v2\/pages\/286\/page\/2\/\">2<\/a>\n<span class=\"page-numbers dots\">&hellip;<\/span>\n<a class=\"page-numbers\" href=\"https:\/\/isfd168-bue.infd.edu.ar\/sitio\/wp-json\/wp\/v2\/pages\/286\/page\/10\/\">10<\/a>\n<a class=\"next page-numbers\" href=\"https:\/\/isfd168-bue.infd.edu.ar\/sitio\/wp-json\/wp\/v2\/pages\/286\/page\/2\/\">Siguiente &rarr;<\/a><\/div>\n","protected":false},"excerpt":{"rendered":"","protected":false},"author":1290,"featured_media":0,"parent":0,"menu_order":0,"comment_status":"closed","ping_status":"closed","template":"","meta":[],"acf":[],"_links":{"self":[{"href":"https:\/\/isfd168-bue.infd.edu.ar\/sitio\/wp-json\/wp\/v2\/pages\/286"}],"collection":[{"href":"https:\/\/isfd168-bue.infd.edu.ar\/sitio\/wp-json\/wp\/v2\/pages"}],"about":[{"href":"https:\/\/isfd168-bue.infd.edu.ar\/sitio\/wp-json\/wp\/v2\/types\/page"}],"author":[{"embeddable":true,"href":"https:\/\/isfd168-bue.infd.edu.ar\/sitio\/wp-json\/wp\/v2\/users\/1290"}],"replies":[{"embeddable":true,"href":"https:\/\/isfd168-bue.infd.edu.ar\/sitio\/wp-json\/wp\/v2\/comments?post=286"}],"version-history":[{"count":91,"href":"https:\/\/isfd168-bue.infd.edu.ar\/sitio\/wp-json\/wp\/v2\/pages\/286\/revisions"}],"predecessor-version":[{"id":1269,"href":"https:\/\/isfd168-bue.infd.edu.ar\/sitio\/wp-json\/wp\/v2\/pages\/286\/revisions\/1269"}],"wp:attachment":[{"href":"https:\/\/isfd168-bue.infd.edu.ar\/sitio\/wp-json\/wp\/v2\/media?parent=286"}],"curies":[{"name":"wp","href":"https:\/\/api.w.org\/{rel}","templated":true}]}}