{"id":730,"date":"2021-09-30T23:24:30","date_gmt":"2021-10-01T02:24:30","guid":{"rendered":"https:\/\/isfd168-bue.infd.edu.ar\/sitio\/?page_id=730"},"modified":"2024-09-24T19:06:04","modified_gmt":"2024-09-24T22:06:04","slug":"132-anos-formando-futuro","status":"publish","type":"page","link":"https:\/\/isfd168-bue.infd.edu.ar\/sitio\/132-anos-formando-futuro\/","title":{"rendered":"134 a\u00f1os formando futuro"},"content":{"rendered":"\n<figure class=\"wp-block-embed is-type-video is-provider-youtube wp-block-embed-youtube wp-embed-aspect-16-9 wp-has-aspect-ratio\"><div class=\"wp-block-embed__wrapper\">\n<iframe loading=\"lazy\" title=\"INSTITUTO SUPERIOR DE FORMACION DOCENTE N\u00b0 168\" width=\"1200\" height=\"675\" src=\"https:\/\/www.youtube.com\/embed\/S0Lk3RApGEE?feature=oembed\" frameborder=\"0\" allow=\"accelerometer; autoplay; clipboard-write; encrypted-media; gyroscope; picture-in-picture; web-share\" referrerpolicy=\"strict-origin-when-cross-origin\" allowfullscreen><\/iframe>\n<\/div><\/figure>\n\n\n\n<hr class=\"wp-block-separator has-alpha-channel-opacity\"\/>\n\n\n\n<p class=\"has-accent-color has-text-color\" style=\"font-size:22px\">El fundador y primer director de la Escuela el Dr. Victoriano Emilio Montes, nombrado el 1 de marzo de 1888, fue iniciador del normalismo en Dolores.<\/p>\n\n\n\n<p class=\"has-accent-color has-text-color\" style=\"font-size:22px\">El edificio actual fue inaugurado en 1930 y su concepci\u00f3n respondi\u00f3 a los objetivos educativos de la \u00e9poca. Ya Sarmiento hab\u00eda llamado la atenci\u00f3n sobre la trascendencia de la edificaci\u00f3n para el aprendizaje y la formaci\u00f3n de los alumnos. Estos lujosos edificios, llamados \u201cpalacios escolares\u201d representaban el valor adjudicado por las elites pol\u00edticas a la educaci\u00f3n.<\/p>\n\n\n\n<p class=\"has-accent-color has-text-color\" style=\"font-size:22px\">La arquitectura de nuestra escuela se caracteriza por su criterio acad\u00e9mico, pensada por el arquitecto Walls. La construcci\u00f3n responde a las caracter\u00edsticas del estilo grecorromano como se puede apreciar en su tri\u00e1ngulo griego, el uso de columnas griegas con los ventanales y portales romanos.<\/p>\n\n\n\n<p class=\"has-accent-color has-text-color\" style=\"font-size:22px\">En cuanto a la funcionalidad del edificio, se puede identificar un cuerpo principal, con una clara definici\u00f3n jer\u00e1rquica de funciones, en planta baja sobre la fachada del edificio y un cuerpo posterior torno a un patio al que dan las galer\u00edas sobre las que se vuelcan aulas y sanitarios. El sal\u00f3n de actos media de espacio de transici\u00f3n entre una parte netamente administrativa y otra netamente funcional.<\/p>\n","protected":false},"excerpt":{"rendered":"<p>El fundador y primer director de la Escuela el Dr. Victoriano Emilio Montes, nombrado el 1 de marzo de 1888, fue iniciador del normalismo en Dolores. El edificio actual fue inaugurado en 1930 y su concepci\u00f3n respondi\u00f3 a los objetivos educativos de la \u00e9poca. Ya Sarmiento hab\u00eda llamado la atenci\u00f3n sobre la trascendencia de la &#8230; <a title=\"134 a\u00f1os formando futuro\" class=\"read-more\" href=\"https:\/\/isfd168-bue.infd.edu.ar\/sitio\/132-anos-formando-futuro\/\" aria-label=\"More on 134 a\u00f1os formando futuro\">[+]<\/a><\/p>\n","protected":false},"author":1290,"featured_media":0,"parent":0,"menu_order":0,"comment_status":"closed","ping_status":"closed","template":"","meta":[],"acf":[],"_links":{"self":[{"href":"https:\/\/isfd168-bue.infd.edu.ar\/sitio\/wp-json\/wp\/v2\/pages\/730"}],"collection":[{"href":"https:\/\/isfd168-bue.infd.edu.ar\/sitio\/wp-json\/wp\/v2\/pages"}],"about":[{"href":"https:\/\/isfd168-bue.infd.edu.ar\/sitio\/wp-json\/wp\/v2\/types\/page"}],"author":[{"embeddable":true,"href":"https:\/\/isfd168-bue.infd.edu.ar\/sitio\/wp-json\/wp\/v2\/users\/1290"}],"replies":[{"embeddable":true,"href":"https:\/\/isfd168-bue.infd.edu.ar\/sitio\/wp-json\/wp\/v2\/comments?post=730"}],"version-history":[{"count":7,"href":"https:\/\/isfd168-bue.infd.edu.ar\/sitio\/wp-json\/wp\/v2\/pages\/730\/revisions"}],"predecessor-version":[{"id":1296,"href":"https:\/\/isfd168-bue.infd.edu.ar\/sitio\/wp-json\/wp\/v2\/pages\/730\/revisions\/1296"}],"wp:attachment":[{"href":"https:\/\/isfd168-bue.infd.edu.ar\/sitio\/wp-json\/wp\/v2\/media?parent=730"}],"curies":[{"name":"wp","href":"https:\/\/api.w.org\/{rel}","templated":true}]}}